{"id":4579,"date":"2022-09-07T09:22:56","date_gmt":"2022-09-07T09:22:56","guid":{"rendered":"https:\/\/parbat.it\/?page_id=4579"},"modified":"2025-11-25T15:51:57","modified_gmt":"2025-11-25T15:51:57","slug":"renew","status":"publish","type":"page","link":"https:\/\/parbat.it\/en\/renew","title":{"rendered":"ReNew"},"content":{"rendered":"<div data-elementor-type=\"wp-page\" data-elementor-id=\"4579\" class=\"elementor elementor-4579\" data-elementor-post-type=\"page\">\n\t\t\t\t\t\t<section class=\"elementor-section elementor-top-section elementor-element elementor-element-ead000f elementor-section-boxed elementor-section-height-default elementor-section-height-default\" data-id=\"ead000f\" data-element_type=\"section\" data-e-type=\"section\">\n\t\t\t\t\t\t<div class=\"elementor-container elementor-column-gap-default\">\n\t\t\t\t\t<div class=\"elementor-column elementor-col-100 elementor-top-column elementor-element elementor-element-1f7cc1b\" data-id=\"1f7cc1b\" data-element_type=\"column\" data-e-type=\"column\">\n\t\t\t<div class=\"elementor-widget-wrap elementor-element-populated\">\n\t\t\t\t\t\t<div class=\"elementor-element elementor-element-8bf95bd elementor-widget elementor-widget-spacer\" data-id=\"8bf95bd\" data-element_type=\"widget\" data-e-type=\"widget\" data-widget_type=\"spacer.default\">\n\t\t\t\t<div class=\"elementor-widget-container\">\n\t\t\t\t\t\t\t<div class=\"elementor-spacer\">\n\t\t\t<div class=\"elementor-spacer-inner\"><\/div>\n\t\t<\/div>\n\t\t\t\t\t\t<\/div>\n\t\t\t\t<\/div>\n\t\t\t\t\t<\/div>\n\t\t<\/div>\n\t\t\t\t\t<\/div>\n\t\t<\/section>\n\t\t\t\t<section class=\"elementor-section elementor-top-section elementor-element elementor-element-50007edb elementor-section-height-min-height elementor-section-content-middle elementor-section-boxed elementor-section-height-default elementor-section-items-middle\" data-id=\"50007edb\" data-element_type=\"section\" data-e-type=\"section\" data-settings=\"{&quot;background_background&quot;:&quot;classic&quot;}\">\n\t\t\t\t\t\t\t<div class=\"elementor-background-overlay\"><\/div>\n\t\t\t\t\t\t\t<div class=\"elementor-container elementor-column-gap-wider\">\n\t\t\t\t\t<div class=\"elementor-column elementor-col-100 elementor-top-column elementor-element elementor-element-69226fa9\" data-id=\"69226fa9\" data-element_type=\"column\" data-e-type=\"column\">\n\t\t\t<div class=\"elementor-widget-wrap elementor-element-populated\">\n\t\t\t\t\t\t<div class=\"elementor-element elementor-element-2b061c47 elementor-widget elementor-widget-heading\" data-id=\"2b061c47\" data-element_type=\"widget\" data-e-type=\"widget\" data-widget_type=\"heading.default\">\n\t\t\t\t<div class=\"elementor-widget-container\">\n\t\t\t\t\t<h1 class=\"elementor-heading-title elementor-size-default\">Re-New<\/h1>\t\t\t\t<\/div>\n\t\t\t\t<\/div>\n\t\t\t\t<div class=\"elementor-element elementor-element-1485aa79 elementor-widget elementor-widget-heading\" data-id=\"1485aa79\" data-element_type=\"widget\" data-e-type=\"widget\" data-widget_type=\"heading.default\">\n\t\t\t\t<div class=\"elementor-widget-container\">\n\t\t\t\t\t<h3 class=\"elementor-heading-title elementor-size-default\"> Is design for circularity<\/h3>\t\t\t\t<\/div>\n\t\t\t\t<\/div>\n\t\t\t\t<div class=\"elementor-element elementor-element-64be362d elementor-widget-divider--view-line elementor-widget elementor-widget-divider\" data-id=\"64be362d\" data-element_type=\"widget\" data-e-type=\"widget\" data-widget_type=\"divider.default\">\n\t\t\t\t<div class=\"elementor-widget-container\">\n\t\t\t\t\t\t\t<div class=\"elementor-divider\">\n\t\t\t<span class=\"elementor-divider-separator\">\n\t\t\t\t\t\t<\/span>\n\t\t<\/div>\n\t\t\t\t\t\t<\/div>\n\t\t\t\t<\/div>\n\t\t\t\t<div class=\"elementor-element elementor-element-52b2d77d elementor-widget elementor-widget-heading\" data-id=\"52b2d77d\" data-element_type=\"widget\" data-e-type=\"widget\" data-widget_type=\"heading.default\">\n\t\t\t\t<div class=\"elementor-widget-container\">\n\t\t\t\t\t<p class=\"elementor-heading-title elementor-size-default\">RIPARAZIONI &amp; RIGENERAZIONE<\/p>\t\t\t\t<\/div>\n\t\t\t\t<\/div>\n\t\t\t\t\t<\/div>\n\t\t<\/div>\n\t\t\t\t\t<\/div>\n\t\t<\/section>\n\t\t\t\t<section class=\"elementor-section elementor-top-section elementor-element elementor-element-1ed78a5 elementor-section-boxed elementor-section-height-default elementor-section-height-default\" data-id=\"1ed78a5\" data-element_type=\"section\" data-e-type=\"section\">\n\t\t\t\t\t\t<div class=\"elementor-container elementor-column-gap-default\">\n\t\t\t\t\t<div class=\"elementor-column elementor-col-50 elementor-top-column elementor-element elementor-element-b70f8ef\" data-id=\"b70f8ef\" data-element_type=\"column\" data-e-type=\"column\" data-settings=\"{&quot;background_background&quot;:&quot;classic&quot;}\">\n\t\t\t<div class=\"elementor-widget-wrap elementor-element-populated\">\n\t\t\t\t\t\t<div class=\"elementor-element elementor-element-236f21d elementor-widget elementor-widget-spacer\" data-id=\"236f21d\" data-element_type=\"widget\" data-e-type=\"widget\" data-widget_type=\"spacer.default\">\n\t\t\t\t<div class=\"elementor-widget-container\">\n\t\t\t\t\t\t\t<div class=\"elementor-spacer\">\n\t\t\t<div class=\"elementor-spacer-inner\"><\/div>\n\t\t<\/div>\n\t\t\t\t\t\t<\/div>\n\t\t\t\t<\/div>\n\t\t\t\t<div class=\"elementor-element elementor-element-fd0f651 elementor-widget elementor-widget-heading\" data-id=\"fd0f651\" data-element_type=\"widget\" data-e-type=\"widget\" data-widget_type=\"heading.default\">\n\t\t\t\t<div class=\"elementor-widget-container\">\n\t\t\t\t\t<h2 class=\"elementor-heading-title elementor-size-default\">Re-New<\/h2>\t\t\t\t<\/div>\n\t\t\t\t<\/div>\n\t\t\t\t<div class=\"elementor-element elementor-element-76d32b2 elementor-widget elementor-widget-heading\" data-id=\"76d32b2\" data-element_type=\"widget\" data-e-type=\"widget\" data-widget_type=\"heading.default\">\n\t\t\t\t<div class=\"elementor-widget-container\">\n\t\t\t\t\t<h2 class=\"elementor-heading-title elementor-size-default\">Repairing is better than buying and regenerating, extending the life of each product. <br>We give the opportunity to return a Parbat product for the purchase of a new Parbat product, the used one will then be regenerated and displayed in the Re-New section<\/h2>\t\t\t\t<\/div>\n\t\t\t\t<\/div>\n\t\t\t\t\t<\/div>\n\t\t<\/div>\n\t\t\t\t<div class=\"elementor-column elementor-col-50 elementor-top-column elementor-element elementor-element-7872e59\" data-id=\"7872e59\" data-element_type=\"column\" data-e-type=\"column\">\n\t\t\t<div class=\"elementor-widget-wrap elementor-element-populated\">\n\t\t\t\t\t\t<div class=\"elementor-element elementor-element-3ec4d08 elementor-widget elementor-widget-image\" data-id=\"3ec4d08\" data-element_type=\"widget\" data-e-type=\"widget\" data-widget_type=\"image.default\">\n\t\t\t\t<div class=\"elementor-widget-container\">\n\t\t\t\t\t\t\t\t\t\t\t\t\t\t\t<img fetchpriority=\"high\" decoding=\"async\" width=\"777\" height=\"1024\" src=\"https:\/\/parbat.it\/wp-content\/uploads\/2021\/05\/logo_recy-777x1024.jpg\" class=\"attachment-large size-large wp-image-1429\" alt=\"\" srcset=\"https:\/\/parbat.it\/wp-content\/uploads\/2021\/05\/logo_recy-777x1024.jpg 777w, https:\/\/parbat.it\/wp-content\/uploads\/2021\/05\/logo_recy-228x300.jpg 228w, https:\/\/parbat.it\/wp-content\/uploads\/2021\/05\/logo_recy-768x1012.jpg 768w, https:\/\/parbat.it\/wp-content\/uploads\/2021\/05\/logo_recy-1165x1536.jpg 1165w, https:\/\/parbat.it\/wp-content\/uploads\/2021\/05\/logo_recy-1554x2048.jpg 1554w, https:\/\/parbat.it\/wp-content\/uploads\/2021\/05\/logo_recy-9x12.jpg 9w, https:\/\/parbat.it\/wp-content\/uploads\/2021\/05\/logo_recy-1024x1350.jpg 1024w, https:\/\/parbat.it\/wp-content\/uploads\/2021\/05\/logo_recy-819x1080.jpg 819w, https:\/\/parbat.it\/wp-content\/uploads\/2021\/05\/logo_recy-600x791.jpg 600w, https:\/\/parbat.it\/wp-content\/uploads\/2021\/05\/logo_recy-scaled.jpg 1942w\" sizes=\"(max-width: 777px) 100vw, 777px\" \/>\t\t\t\t\t\t\t\t\t\t\t\t\t\t\t<\/div>\n\t\t\t\t<\/div>\n\t\t\t\t\t<\/div>\n\t\t<\/div>\n\t\t\t\t\t<\/div>\n\t\t<\/section>\n\t\t\t\t<section class=\"elementor-section elementor-top-section elementor-element elementor-element-b1d1257 elementor-section-boxed elementor-section-height-default elementor-section-height-default\" data-id=\"b1d1257\" data-element_type=\"section\" data-e-type=\"section\">\n\t\t\t\t\t\t<div class=\"elementor-container elementor-column-gap-default\">\n\t\t\t\t\t<div class=\"elementor-column elementor-col-100 elementor-top-column elementor-element elementor-element-5b8a69d\" data-id=\"5b8a69d\" data-element_type=\"column\" data-e-type=\"column\">\n\t\t\t<div class=\"elementor-widget-wrap elementor-element-populated\">\n\t\t\t\t\t\t<div class=\"elementor-element elementor-element-1e8d424 elementor-widget-divider--view-line elementor-widget elementor-widget-divider\" data-id=\"1e8d424\" data-element_type=\"widget\" data-e-type=\"widget\" data-widget_type=\"divider.default\">\n\t\t\t\t<div class=\"elementor-widget-container\">\n\t\t\t\t\t\t\t<div class=\"elementor-divider\">\n\t\t\t<span class=\"elementor-divider-separator\">\n\t\t\t\t\t\t<\/span>\n\t\t<\/div>\n\t\t\t\t\t\t<\/div>\n\t\t\t\t<\/div>\n\t\t\t\t\t<\/div>\n\t\t<\/div>\n\t\t\t\t\t<\/div>\n\t\t<\/section>\n\t\t\t\t<section class=\"elementor-section elementor-top-section elementor-element elementor-element-0c0bdc1 elementor-section-boxed elementor-section-height-default elementor-section-height-default\" data-id=\"0c0bdc1\" data-element_type=\"section\" data-e-type=\"section\">\n\t\t\t\t\t\t<div class=\"elementor-container elementor-column-gap-default\">\n\t\t\t\t\t<div class=\"elementor-column elementor-col-100 elementor-top-column elementor-element elementor-element-565e3a8\" data-id=\"565e3a8\" data-element_type=\"column\" data-e-type=\"column\">\n\t\t\t<div class=\"elementor-widget-wrap elementor-element-populated\">\n\t\t\t\t\t\t<div class=\"elementor-element elementor-element-916c8d9 elementor-widget elementor-widget-spacer\" data-id=\"916c8d9\" data-element_type=\"widget\" data-e-type=\"widget\" data-widget_type=\"spacer.default\">\n\t\t\t\t<div class=\"elementor-widget-container\">\n\t\t\t\t\t\t\t<div class=\"elementor-spacer\">\n\t\t\t<div class=\"elementor-spacer-inner\"><\/div>\n\t\t<\/div>\n\t\t\t\t\t\t<\/div>\n\t\t\t\t<\/div>\n\t\t\t\t<div class=\"elementor-element elementor-element-70c8eaf elementor-widget elementor-widget-heading\" data-id=\"70c8eaf\" data-element_type=\"widget\" data-e-type=\"widget\" data-widget_type=\"heading.default\">\n\t\t\t\t<div class=\"elementor-widget-container\">\n\t\t\t\t\t<h2 class=\"elementor-heading-title elementor-size-default\">0 PRODUCT AVAILABLE<\/h2>\t\t\t\t<\/div>\n\t\t\t\t<\/div>\n\t\t\t\t<div class=\"elementor-element elementor-element-7d5b14f elementor-widget elementor-widget-spacer\" data-id=\"7d5b14f\" data-element_type=\"widget\" data-e-type=\"widget\" data-widget_type=\"spacer.default\">\n\t\t\t\t<div class=\"elementor-widget-container\">\n\t\t\t\t\t\t\t<div class=\"elementor-spacer\">\n\t\t\t<div class=\"elementor-spacer-inner\"><\/div>\n\t\t<\/div>\n\t\t\t\t\t\t<\/div>\n\t\t\t\t<\/div>\n\t\t\t\t<div class=\"elementor-element elementor-element-956baaf elementor-align-left elementor-mobile-align-center elementor-hidden-desktop elementor-hidden-tablet elementor-hidden-mobile elementor-widget elementor-widget-button\" data-id=\"956baaf\" data-element_type=\"widget\" data-e-type=\"widget\" data-widget_type=\"button.default\">\n\t\t\t\t<div class=\"elementor-widget-container\">\n\t\t\t\t\t\t\t\t\t<div class=\"elementor-button-wrapper\">\n\t\t\t\t\t<a class=\"elementor-button elementor-button-link elementor-size-sm\" href=\"https:\/\/parbat.it\/en\/el55_renew\">\n\t\t\t\t\t\t<span class=\"elementor-button-content-wrapper\">\n\t\t\t\t\t\t\t\t\t<span class=\"elementor-button-text\">BACKPACK 55 LITERS<\/span>\n\t\t\t\t\t<\/span>\n\t\t\t\t\t<\/a>\n\t\t\t\t<\/div>\n\t\t\t\t\t\t\t\t<\/div>\n\t\t\t\t<\/div>\n\t\t\t\t<div class=\"elementor-element elementor-element-512c7f2 elementor-hidden-desktop elementor-hidden-tablet elementor-hidden-mobile elementor-widget elementor-widget-spacer\" data-id=\"512c7f2\" data-element_type=\"widget\" data-e-type=\"widget\" data-widget_type=\"spacer.default\">\n\t\t\t\t<div class=\"elementor-widget-container\">\n\t\t\t\t\t\t\t<div class=\"elementor-spacer\">\n\t\t\t<div class=\"elementor-spacer-inner\"><\/div>\n\t\t<\/div>\n\t\t\t\t\t\t<\/div>\n\t\t\t\t<\/div>\n\t\t\t\t<div class=\"elementor-element elementor-element-e7c6ade elementor-widget elementor-widget-spacer\" data-id=\"e7c6ade\" data-element_type=\"widget\" data-e-type=\"widget\" data-widget_type=\"spacer.default\">\n\t\t\t\t<div class=\"elementor-widget-container\">\n\t\t\t\t\t\t\t<div class=\"elementor-spacer\">\n\t\t\t<div class=\"elementor-spacer-inner\"><\/div>\n\t\t<\/div>\n\t\t\t\t\t\t<\/div>\n\t\t\t\t<\/div>\n\t\t\t\t<div class=\"elementor-element elementor-element-f27f2ca elementor-widget elementor-widget-spacer\" data-id=\"f27f2ca\" data-element_type=\"widget\" data-e-type=\"widget\" data-widget_type=\"spacer.default\">\n\t\t\t\t<div class=\"elementor-widget-container\">\n\t\t\t\t\t\t\t<div class=\"elementor-spacer\">\n\t\t\t<div class=\"elementor-spacer-inner\"><\/div>\n\t\t<\/div>\n\t\t\t\t\t\t<\/div>\n\t\t\t\t<\/div>\n\t\t\t\t\t<\/div>\n\t\t<\/div>\n\t\t\t\t\t<\/div>\n\t\t<\/section>\n\t\t\t\t<section class=\"elementor-section elementor-top-section elementor-element elementor-element-f5b1394 elementor-section-height-min-height elementor-section-content-middle elementor-section-boxed elementor-section-height-default elementor-section-items-middle\" data-id=\"f5b1394\" data-element_type=\"section\" data-e-type=\"section\" data-settings=\"{&quot;background_background&quot;:&quot;classic&quot;}\">\n\t\t\t\t\t\t\t<div class=\"elementor-background-overlay\"><\/div>\n\t\t\t\t\t\t\t<div class=\"elementor-container elementor-column-gap-wider\">\n\t\t\t\t\t<div class=\"elementor-column elementor-col-100 elementor-top-column elementor-element elementor-element-7a5d31d\" data-id=\"7a5d31d\" data-element_type=\"column\" data-e-type=\"column\">\n\t\t\t<div class=\"elementor-widget-wrap elementor-element-populated\">\n\t\t\t\t\t\t<div class=\"elementor-element elementor-element-af2c644 elementor-widget elementor-widget-heading\" data-id=\"af2c644\" data-element_type=\"widget\" data-e-type=\"widget\" data-widget_type=\"heading.default\">\n\t\t\t\t<div class=\"elementor-widget-container\">\n\t\t\t\t\t<h2 class=\"elementor-heading-title elementor-size-default\">LIGHTNESS WITHOUT COMPROMISE<\/h2>\t\t\t\t<\/div>\n\t\t\t\t<\/div>\n\t\t\t\t\t<\/div>\n\t\t<\/div>\n\t\t\t\t\t<\/div>\n\t\t<\/section>\n\t\t\t\t<\/div>","protected":false},"excerpt":{"rendered":"<p>Re-New Is design for circularity RIPARAZIONI &amp; RIGENERAZIONE Re-New Riparare \u00e8 meglio di comprare e rigenerare allunga la vita di ogni prodotto. Diamo l&#8217;opportunit\u00e0 di restituire un prodotto Parbat per l&#8217;acquisto di nuovo prodotto Parbat, l&#8217;usato verr\u00e0 poi rigenerato ed esposto nella sezione Re-New 0 PRODUCT AVAILABLE BACKPACK 55 LITERS LIGHTNESS WITHOUT COMPROMISE<\/p>","protected":false},"author":1,"featured_media":0,"parent":0,"menu_order":0,"comment_status":"closed","ping_status":"closed","template":"","meta":{"footnotes":""},"class_list":["post-4579","page","type-page","status-publish","hentry"],"yoast_head":"<!-- This site is optimized with the Yoast SEO plugin v27.3 - https:\/\/yoast.com\/product\/yoast-seo-wordpress\/ -->\n<title>ReNew - Parbat_design<\/title>\n<meta name=\"description\" content=\"ReNew is design for circularity, Waste Less Design More\" \/>\n<meta name=\"robots\" content=\"index, follow, max-snippet:-1, max-image-preview:large, max-video-preview:-1\" \/>\n<link rel=\"canonical\" href=\"https:\/\/parbat.it\/en\/renew\/\" \/>\n<meta property=\"og:locale\" content=\"en_GB\" \/>\n<meta property=\"og:type\" content=\"article\" \/>\n<meta property=\"og:title\" content=\"ReNew - Parbat_design\" \/>\n<meta property=\"og:description\" content=\"ReNew is design for circularity, Waste Less Design More\" \/>\n<meta property=\"og:url\" content=\"https:\/\/parbat.it\/en\/renew\/\" \/>\n<meta property=\"og:site_name\" content=\"Parbat_design\" \/>\n<meta property=\"article:publisher\" content=\"https:\/\/www.facebook.com\/pages\/category\/Product-Service\/Parbat_design-117270770063788\/\" \/>\n<meta property=\"article:modified_time\" content=\"2025-11-25T15:51:57+00:00\" \/>\n<meta property=\"og:image\" content=\"https:\/\/parbat.it\/wp-content\/uploads\/2021\/05\/logo_recy-scaled.jpg\" \/>\n\t<meta property=\"og:image:width\" content=\"1942\" \/>\n\t<meta property=\"og:image:height\" content=\"2560\" \/>\n\t<meta property=\"og:image:type\" content=\"image\/jpeg\" \/>\n<meta name=\"twitter:card\" content=\"summary_large_image\" \/>\n<meta name=\"twitter:label1\" content=\"Estimated reading time\" \/>\n\t<meta name=\"twitter:data1\" content=\"1 minute\" \/>\n<script type=\"application\/ld+json\" class=\"yoast-schema-graph\">{\"@context\":\"https:\\\/\\\/schema.org\",\"@graph\":[{\"@type\":\"WebPage\",\"@id\":\"https:\\\/\\\/parbat.it\\\/renew\",\"url\":\"https:\\\/\\\/parbat.it\\\/renew\",\"name\":\"ReNew - Parbat_design\",\"isPartOf\":{\"@id\":\"https:\\\/\\\/parbat.it\\\/#website\"},\"primaryImageOfPage\":{\"@id\":\"https:\\\/\\\/parbat.it\\\/renew#primaryimage\"},\"image\":{\"@id\":\"https:\\\/\\\/parbat.it\\\/renew#primaryimage\"},\"thumbnailUrl\":\"https:\\\/\\\/parbat.it\\\/wp-content\\\/uploads\\\/2021\\\/05\\\/logo_recy-777x1024.jpg\",\"datePublished\":\"2022-09-07T09:22:56+00:00\",\"dateModified\":\"2025-11-25T15:51:57+00:00\",\"description\":\"ReNew is design for circularity, Waste Less Design More\",\"breadcrumb\":{\"@id\":\"https:\\\/\\\/parbat.it\\\/renew#breadcrumb\"},\"inLanguage\":\"en-GB\",\"potentialAction\":[{\"@type\":\"ReadAction\",\"target\":[\"https:\\\/\\\/parbat.it\\\/renew\"]}]},{\"@type\":\"ImageObject\",\"inLanguage\":\"en-GB\",\"@id\":\"https:\\\/\\\/parbat.it\\\/renew#primaryimage\",\"url\":\"https:\\\/\\\/parbat.it\\\/wp-content\\\/uploads\\\/2021\\\/05\\\/logo_recy-777x1024.jpg\",\"contentUrl\":\"https:\\\/\\\/parbat.it\\\/wp-content\\\/uploads\\\/2021\\\/05\\\/logo_recy-777x1024.jpg\"},{\"@type\":\"BreadcrumbList\",\"@id\":\"https:\\\/\\\/parbat.it\\\/renew#breadcrumb\",\"itemListElement\":[{\"@type\":\"ListItem\",\"position\":1,\"name\":\"Home\",\"item\":\"https:\\\/\\\/parbat.it\\\/\"},{\"@type\":\"ListItem\",\"position\":2,\"name\":\"ReNew\"}]},{\"@type\":\"WebSite\",\"@id\":\"https:\\\/\\\/parbat.it\\\/#website\",\"url\":\"https:\\\/\\\/parbat.it\\\/\",\"name\":\"Parbat_design\",\"description\":\"Ultralight Equipment\",\"publisher\":{\"@id\":\"https:\\\/\\\/parbat.it\\\/#organization\"},\"potentialAction\":[{\"@type\":\"SearchAction\",\"target\":{\"@type\":\"EntryPoint\",\"urlTemplate\":\"https:\\\/\\\/parbat.it\\\/?s={search_term_string}\"},\"query-input\":{\"@type\":\"PropertyValueSpecification\",\"valueRequired\":true,\"valueName\":\"search_term_string\"}}],\"inLanguage\":\"en-GB\"},{\"@type\":\"Organization\",\"@id\":\"https:\\\/\\\/parbat.it\\\/#organization\",\"name\":\"Parbat\",\"url\":\"https:\\\/\\\/parbat.it\\\/\",\"logo\":{\"@type\":\"ImageObject\",\"inLanguage\":\"en-GB\",\"@id\":\"https:\\\/\\\/parbat.it\\\/#\\\/schema\\\/logo\\\/image\\\/\",\"url\":\"https:\\\/\\\/parbat.it\\\/wp-content\\\/uploads\\\/2020\\\/08\\\/Senza-titolo-3-1-e1606851049280.jpg\",\"contentUrl\":\"https:\\\/\\\/parbat.it\\\/wp-content\\\/uploads\\\/2020\\\/08\\\/Senza-titolo-3-1-e1606851049280.jpg\",\"width\":17,\"height\":20,\"caption\":\"Parbat\"},\"image\":{\"@id\":\"https:\\\/\\\/parbat.it\\\/#\\\/schema\\\/logo\\\/image\\\/\"},\"sameAs\":[\"https:\\\/\\\/www.facebook.com\\\/pages\\\/category\\\/Product-Service\\\/Parbat_design-117270770063788\\\/\",\"https:\\\/\\\/www.instagram.com\\\/parbat_design\\\/\"]}]}<\/script>\n<!-- \/ Yoast SEO plugin. -->","yoast_head_json":{"title":"ReNew - Parbat_design","description":"ReNew is design for circularity, Waste Less Design More","robots":{"index":"index","follow":"follow","max-snippet":"max-snippet:-1","max-image-preview":"max-image-preview:large","max-video-preview":"max-video-preview:-1"},"canonical":"https:\/\/parbat.it\/en\/renew\/","og_locale":"en_GB","og_type":"article","og_title":"ReNew - Parbat_design","og_description":"ReNew is design for circularity, Waste Less Design More","og_url":"https:\/\/parbat.it\/en\/renew\/","og_site_name":"Parbat_design","article_publisher":"https:\/\/www.facebook.com\/pages\/category\/Product-Service\/Parbat_design-117270770063788\/","article_modified_time":"2025-11-25T15:51:57+00:00","og_image":[{"width":1942,"height":2560,"url":"https:\/\/parbat.it\/wp-content\/uploads\/2021\/05\/logo_recy-scaled.jpg","type":"image\/jpeg"}],"twitter_card":"summary_large_image","twitter_misc":{"Estimated reading time":"1 minute"},"schema":{"@context":"https:\/\/schema.org","@graph":[{"@type":"WebPage","@id":"https:\/\/parbat.it\/renew","url":"https:\/\/parbat.it\/renew","name":"ReNew - Parbat_design","isPartOf":{"@id":"https:\/\/parbat.it\/#website"},"primaryImageOfPage":{"@id":"https:\/\/parbat.it\/renew#primaryimage"},"image":{"@id":"https:\/\/parbat.it\/renew#primaryimage"},"thumbnailUrl":"https:\/\/parbat.it\/wp-content\/uploads\/2021\/05\/logo_recy-777x1024.jpg","datePublished":"2022-09-07T09:22:56+00:00","dateModified":"2025-11-25T15:51:57+00:00","description":"ReNew is design for circularity, Waste Less Design More","breadcrumb":{"@id":"https:\/\/parbat.it\/renew#breadcrumb"},"inLanguage":"en-GB","potentialAction":[{"@type":"ReadAction","target":["https:\/\/parbat.it\/renew"]}]},{"@type":"ImageObject","inLanguage":"en-GB","@id":"https:\/\/parbat.it\/renew#primaryimage","url":"https:\/\/parbat.it\/wp-content\/uploads\/2021\/05\/logo_recy-777x1024.jpg","contentUrl":"https:\/\/parbat.it\/wp-content\/uploads\/2021\/05\/logo_recy-777x1024.jpg"},{"@type":"BreadcrumbList","@id":"https:\/\/parbat.it\/renew#breadcrumb","itemListElement":[{"@type":"ListItem","position":1,"name":"Home","item":"https:\/\/parbat.it\/"},{"@type":"ListItem","position":2,"name":"ReNew"}]},{"@type":"WebSite","@id":"https:\/\/parbat.it\/#website","url":"https:\/\/parbat.it\/","name":"Parbat_design","description":"Ultralight Equipment","publisher":{"@id":"https:\/\/parbat.it\/#organization"},"potentialAction":[{"@type":"SearchAction","target":{"@type":"EntryPoint","urlTemplate":"https:\/\/parbat.it\/?s={search_term_string}"},"query-input":{"@type":"PropertyValueSpecification","valueRequired":true,"valueName":"search_term_string"}}],"inLanguage":"en-GB"},{"@type":"Organization","@id":"https:\/\/parbat.it\/#organization","name":"Parbat","url":"https:\/\/parbat.it\/","logo":{"@type":"ImageObject","inLanguage":"en-GB","@id":"https:\/\/parbat.it\/#\/schema\/logo\/image\/","url":"https:\/\/parbat.it\/wp-content\/uploads\/2020\/08\/Senza-titolo-3-1-e1606851049280.jpg","contentUrl":"https:\/\/parbat.it\/wp-content\/uploads\/2020\/08\/Senza-titolo-3-1-e1606851049280.jpg","width":17,"height":20,"caption":"Parbat"},"image":{"@id":"https:\/\/parbat.it\/#\/schema\/logo\/image\/"},"sameAs":["https:\/\/www.facebook.com\/pages\/category\/Product-Service\/Parbat_design-117270770063788\/","https:\/\/www.instagram.com\/parbat_design\/"]}]}},"_links":{"self":[{"href":"https:\/\/parbat.it\/en\/wp-json\/wp\/v2\/pages\/4579","targetHints":{"allow":["GET"]}}],"collection":[{"href":"https:\/\/parbat.it\/en\/wp-json\/wp\/v2\/pages"}],"about":[{"href":"https:\/\/parbat.it\/en\/wp-json\/wp\/v2\/types\/page"}],"author":[{"embeddable":true,"href":"https:\/\/parbat.it\/en\/wp-json\/wp\/v2\/users\/1"}],"replies":[{"embeddable":true,"href":"https:\/\/parbat.it\/en\/wp-json\/wp\/v2\/comments?post=4579"}],"version-history":[{"count":85,"href":"https:\/\/parbat.it\/en\/wp-json\/wp\/v2\/pages\/4579\/revisions"}],"predecessor-version":[{"id":8768,"href":"https:\/\/parbat.it\/en\/wp-json\/wp\/v2\/pages\/4579\/revisions\/8768"}],"wp:attachment":[{"href":"https:\/\/parbat.it\/en\/wp-json\/wp\/v2\/media?parent=4579"}],"curies":[{"name":"wp","href":"https:\/\/api.w.org\/{rel}","templated":true}]}}